{"id":7,"date":"2020-05-25T22:36:48","date_gmt":"2020-05-26T01:36:48","guid":{"rendered":"https:\/\/caminodelmesias.com.ar\/?page_id=7"},"modified":"2021-10-24T13:53:08","modified_gmt":"2021-10-24T16:53:08","slug":"inicio","status":"publish","type":"page","link":"https:\/\/caminodelmesias.com.ar\/","title":{"rendered":"Inicio"},"content":{"rendered":"<section class=\"l-section wpb_row height_auto\"><div class=\"l-section-h i-cf\"><div class=\"g-cols vc_row type_default valign_top\"><div class=\"vc_col-sm-12 wpb_column vc_column_container\"><div class=\"vc_column-inner\"><div class=\"wpb_wrapper\">[rev_slider slidertitle=&#8221;Slider 1&#8243; alias=&#8221;slider-1&#8243;]<\/div><\/div><\/div><\/div><\/div><\/section><section class=\"l-section wpb_row height_medium with_shape\"><div class=\"l-section-shape type_zigzag pos_bottom\"><svg xmlns=\"http:\/\/www.w3.org\/2000\/svg\" viewBox=\"0 0 64 8\" preserveAspectRatio=\"none\" width=\"100%\" height=\"100%\">\r\n\t<path fill=\"currentColor\" d=\"M64 8 L0 8 L0 0 L20 7.9 L40 3 L48 5 L64 0 Z\"\/>\r\n<\/svg><\/div><div class=\"l-section-h i-cf\"><div class=\"g-cols vc_row type_default valign_top\"><div class=\"vc_col-sm-12 wpb_column vc_column_container\"><div class=\"vc_column-inner\"><div class=\"wpb_wrapper\"><div class=\"wpb_text_column\" ><div class=\"wpb_wrapper\"><h2 style=\"text-align: center;\"><strong>BIENVENIDO<\/strong><\/h2>\n<p>&nbsp;<\/p>\n<p style=\"text-align: justify;\">Bendito el Dios y Padre de nuestro Se\u00f1or Jesucristo quien nos concedi\u00f3 el darle la bienvenida a este Ministerio \u201cCamino del Mes\u00edas\u201d, a causa de la verdad que permanece en nosotros y que estar\u00e1 con nosotros por la eternidad. La gracia, misericordia y paz del <em>\u201c\u00fanico Dios Verdadero y de su enviado Jesucristo\u201d<\/em> (Jn. 17:3), sea con Usted y con nosotros en verdad y en amor.<\/p>\n<p style=\"text-align: justify;\">Un ministerio en el cual Dios responde todas vuestras preguntas e inquietudes, mediante su Santa Palabra la Biblia, sin intervenci\u00f3n de interpretaci\u00f3n humana, solamente la Biblia, logrando as\u00ed Dios confortar su alma con la paz mediante el Esp\u00edritu del Mes\u00edas el Hijo de Dios.<\/p>\n<p style=\"text-align: justify;\">Es nuestro prop\u00f3sito llegar a vuestro coraz\u00f3n y hogar con este Evangelio integral recreando el caminar de nuestro Mes\u00edas hijo de Dios: Sanaba, Ense\u00f1aba, \u00a0Predicaba las Buenas Nuevas de Redenci\u00f3n, Espiritualizando y reencausando hacia Dios a las personas que se acercaban a \u00c9l\u2026<\/p>\n<\/div><\/div><\/div><\/div><\/div><\/div><\/div><\/section><section class=\"l-section wpb_row height_medium with_shape\"><div class=\"l-section-shape type_triangle-2 pos_top\" style=\"color:#42baff;\"><svg xmlns=\"http:\/\/www.w3.org\/2000\/svg\" viewBox=\"0 0 64 8\" preserveAspectRatio=\"none\" width=\"100%\" height=\"100%\">\r\n\t<path fill=\"currentColor\" d=\"M64 8 L0 8 L0 0 L48 7.9 L64 0 Z\"\/>\r\n<\/svg><\/div><div class=\"l-section-shape type_triangle-2 pos_bottom\" style=\"color:#42baff;\"><svg xmlns=\"http:\/\/www.w3.org\/2000\/svg\" viewBox=\"0 0 64 8\" preserveAspectRatio=\"none\" width=\"100%\" height=\"100%\">\r\n\t<path fill=\"currentColor\" d=\"M64 8 L0 8 L0 0 L48 7.9 L64 0 Z\"\/>\r\n<\/svg><\/div><div class=\"l-section-h i-cf\"><div class=\"g-cols vc_row type_default valign_top\"><div class=\"vc_col-sm-12 wpb_column vc_column_container animate_afc\"><div class=\"vc_column-inner\"><div class=\"wpb_wrapper\"><div class=\"wpb_text_column\" ><div class=\"wpb_wrapper\"><h2 style=\"text-align: center;\"><strong>APRECIADO VISITANTE<\/strong><\/h2>\n<p>&nbsp;<\/p>\n<p style=\"text-align: justify;\">Nos sentimos instados a empe\u00f1arnos a dar el \u00faltimo mensaje de amonestaci\u00f3n al mundo. No porque nos consideremos superiores a los dem\u00e1s , sino que aquellos por quienes trabajemos vean que somos tan fr\u00e1giles y d\u00e9biles y sujetos a errores como ellos mismos y as\u00ed adopten la verdad, mediante la preparaci\u00f3n individual de cada uno de nosotros porque seguimos, la orden de Dios: \u00a0<em>\u201c\u00a1Ap\u00e1rtense! \u00a1Ap\u00e1rtense! \u00a1Salgan de all\u00ed! No toquen cosa inmunda. \u00a1Salgan de en medio de ella! Purif\u00edquense los que portan los utensilios de Yahweh\u201d<\/em>\u00a0 (Isa. 52:11) \u00a0y Pablo encarga a Timoteo <em>\u201cTen cuidado de ti mismo y de la Doctrina\u201d<\/em> (1\u00ba Tim. 4:16).<\/p>\n<p style=\"text-align: justify;\">Tenemos en claro que la obra debe principiar con nosotros los obreros, que debemos estar unidos con el Mes\u00edas como el sarmiento est\u00e1 unido a la vid, <em>\u201cYo soy la vid, dijo Jes\u00fas vosotros los p\u00e1mpanos\u201d<\/em> (Juan 15:5) , esto representa la relaci\u00f3n m\u00e1s \u00edntima posible que se pueda lograr, cuando estamos unidos con <em>\u201cEmanuel\u201d (Dios con nosotros)<\/em> \u00a0(Mat. 1:23) ; porque bien dice el Mes\u00edas: <em>\u201cSin mi nada pod\u00e9is hacer\u201d<\/em>\u00a0 (Juan 15:5).<\/p>\n<p style=\"text-align: justify;\">Queremos estar verdaderamente unidos con usted envueltos en la atm\u00f3sfera\u00a0 del amor que emana de Dios, porque la naturaleza de <em>\u201cDios es amor\u201d<\/em> (1\u00b0 Juan 4:8), siendo d\u00eda a d\u00eda transformados de gloria en gloria a la imagen de su Hijo Jesucristo.<\/p>\n<p style=\"text-align: justify;\">Jes\u00fas oro pidiendo al Padre por nosotros: <em>\u201c<\/em><em>No intercedo solo por ellos, sino tambi\u00e9n por los que crean en m\u00ed por la palabra de ellos, \u00a0para que todos sean uno; como t\u00fa Padre m\u00edo eres en m\u00ed y yo en t\u00ed, que tambi\u00e9n ellos sean uno en nosotros, para que el mundo crea que t\u00fa me enviaste\u201d \u00a0<\/em>(Juan 17:20-21).<\/p>\n<p style=\"text-align: justify;\">El mensaje que tenemos es mundial y debe llegar a todas las naciones, muchedumbres, pueblos y lenguas,<\/p>\n<p style=\"text-align: justify;\">El Mes\u00edas nos ha elegido del mundo, para serle un pueblo peculiar y santo: <em>\u201cMas vosotros sois linaje escogido, real sacerdocio, naci\u00f3n santa, pueblo adquirido por Dios, para que anunci\u00e9is las virtudes de aquel que os llam\u00f3 de las tinieblas a su luz admirable; vosotros que en otro tiempo no erais pueblo, pero que ahora sois pueblo de Dios; que en otro tiempo no hab\u00edais alcanzado misericordia, pero ahora hab\u00e9is alcanzado misericordia\u201d<\/em> (1\u00ba Ped. 2:9-10). <em>\u201c\u00c9l se dio a si mismo por nosotros para redimirnos de toda iniquidad y limpiar para si un pueblo propio, celoso de buena obras\u201d<\/em> (Tito 2:14).<\/p>\n<p style=\"text-align: justify;\">Como obreros de Dios debemos ser hombres y mujeres de oraci\u00f3n, diligentes estudiantes de su Santa Escritura, que tengamos siempre hambre y sed de justicia, a fin de que seamos una luz y fuerza para otros. Nuestro Dios es un Dios celoso y requiere que obremos y le adoremos en Esp\u00edritu y en verdad, en la hermosura de Su santidad.<\/p>\n<\/div><\/div><\/div><\/div><\/div><\/div><\/div><\/section><section class=\"l-section wpb_row height_medium with_shape\" id=\"nosotros\"><div class=\"l-section-shape type_zigzag pos_top\"><svg xmlns=\"http:\/\/www.w3.org\/2000\/svg\" viewBox=\"0 0 64 8\" preserveAspectRatio=\"none\" width=\"100%\" height=\"100%\">\r\n\t<path fill=\"currentColor\" d=\"M64 8 L0 8 L0 0 L20 7.9 L40 3 L48 5 L64 0 Z\"\/>\r\n<\/svg><\/div><div class=\"l-section-h i-cf\"><div class=\"g-cols vc_row type_default valign_top\"><div class=\"vc_col-sm-12 wpb_column vc_column_container animate_afc\"><div class=\"vc_column-inner\"><div class=\"wpb_wrapper\"><div class=\"wpb_text_column\" ><div class=\"wpb_wrapper\"><h2 style=\"text-align: center;\"><strong>NOSOTROS<\/strong><\/h2>\n<\/div><\/div><div class=\"w-tabs style_default switch_click accordion title_atleft icon_chevron iconpos_right\"><div class=\"w-tabs-sections\"><div class=\"w-tabs-sections-h\"><div class=\"w-tabs-section active\" id=\"1635093988485-276391f8-4665\"><button class=\"w-tabs-section-header active\" aria-controls=\"content-1635093988485-276391f8-4665\"><div class=\"w-tabs-section-header-h\"><div class=\"w-tabs-section-title\">Quienes somos<\/div><div class=\"w-tabs-section-control\"><\/div><\/div><\/button><div class=\"w-tabs-section-content\" id=\"content-1635093988485-276391f8-4665\" aria-expanded=\"true\"><div class=\"w-tabs-section-content-h i-cf\"><div class=\"wpb_text_column\" ><div class=\"wpb_wrapper\"><p style=\"text-align: justify;\">Ante la confusi\u00f3n de tantas Iglesias y congregaciones nos preguntan qui\u00e9nes somos: &#8220;Por eso, investidos misericordiosamente del ministerio apost\u00f3lico, no nos desanimamos y nunca hemos callado nada por verg\u00fcenza, ni hemos procedido con astucia o falsificando la Palabra de Dios. Por el contrario, manifestando abiertamente la verdad, nos recomendamos a nosotros mismos, delante de Dios, frente a toda conciencia humana. Si nuestro Evangelio todav\u00eda resulta impenetrable, lo es s\u00f3lo para aquellos que se pierden, para los incr\u00e9dulos, a quienes el dios de este mundo les ha enceguecido el entendimiento, a fin de que no vean resplandecer el Evangelio de la gloria de Cristo, que es la imagen de Dios. Porque no nos predicamos a nosotros mismos, sino a Cristo Jes\u00fas, el Se\u00f1or, y nosotros no somos m\u00e1s que servidores de ustedes por amor de Jes\u00fas. Porque el mismo Dios que dijo: \u00abBrille la luz en medio de las tinieblas\u00bb, es el que hizo brillar su luz en nuestros corazones para que resplandezca el conocimiento de la gloria de Dios, reflejada en el rostro de Cristo.&#8221;<\/p>\n<p>2 Corintios, 4:1-6, caminodelmesias.com.ar<\/p>\n<p>Radio Pro Salud F. M. 105.5, 105.9 Paz<\/p>\n<\/div><\/div><\/div><\/div><\/div><div class=\"w-tabs-section\" id=\"1590456783908-26554d2a-3bf2\" style=\"background:rgba(21,123,173,0.25);\"><button class=\"w-tabs-section-header\" aria-controls=\"content-1590456783908-26554d2a-3bf2\"><div class=\"w-tabs-section-header-h\"><div class=\"w-tabs-section-title\">Misi\u00f3n<\/div><div class=\"w-tabs-section-control\"><\/div><\/div><\/button><div class=\"w-tabs-section-content\" id=\"content-1590456783908-26554d2a-3bf2\" aria-expanded=\"false\"><div class=\"w-tabs-section-content-h i-cf\"><div class=\"wpb_text_column\" ><div class=\"wpb_wrapper\"><p style=\"text-align: justify;\">Nosotros decimos ser lo que queremos ser pero que a\u00fan no somos; un Ministerio con el car\u00e1cter del Mes\u00edas preparados para la misi\u00f3n de hacer una obra que pocos comprenden: la de llevar la verdad a todas las naciones.<\/p>\n<p style=\"text-align: justify;\">Revelando as\u00ed a Nuestro Salvador Jesucristo que es la imagen del Dios invisible, <em>\u201cel cual nos ha sido hecho por Dios Sabidur\u00eda, Justificaci\u00f3n, Santificaci\u00f3n y Redenci\u00f3n\u201d. <\/em>(1\u00b0 Cor. 1:30)<\/p>\n<p style=\"text-align: justify;\">Hay un amplio campo de trabajo tanto en nuestro pa\u00eds como en los pa\u00edses extranjeros, Dios nos llama a que seamos m\u00e1s consagrados, pero de gran coraz\u00f3n y miradas m\u00e1s amplias y humildes.<\/p>\n<p style=\"text-align: justify;\">Para poder entrar en estos campos, debemos amar al mundo como Dios amo al mundo y se sacrific\u00f3 mediante su amado hijo para que usted hoy pueda ver la raz\u00f3n de nuestro existir como Ministerio Camino del Mes\u00edas, queremos trabajar desde un punto de vista m\u00e1s elevado de lo que lo hemos hecho hasta ahora, si pudi\u00e9ramos despertar el Esp\u00edritu que tuvo el cristianismo primitivo y pudiese entrar en el coraz\u00f3n de todos y cada uno de los que aseveramos creer la verdad, nos infundir\u00eda nuevas vida y poder; los que est\u00e1n en tinieblas ver\u00edan entonces el contraste entre el error y la verdad , entre las tradiciones y las ense\u00f1anzas doctrinarias de la Palabra de Dios, entre las f\u00e1bulas y supersticiones y las ense\u00f1anzas B\u00edblicas.<\/p>\n<p style=\"text-align: justify;\">Sabemos que hay por doquiera personas como usted sinceras en favor de las cuales debemos trabajar, sabia e inteligentemente, llenos del amor del Mes\u00edas por sus almas.<\/p>\n<\/div><\/div><\/div><\/div><\/div><div class=\"w-tabs-section\" id=\"1590456783929-dec99fe4-7cfb\"><button class=\"w-tabs-section-header\" aria-controls=\"content-1590456783929-dec99fe4-7cfb\"><div class=\"w-tabs-section-header-h\"><div class=\"w-tabs-section-title\">Visi\u00f3n<\/div><div class=\"w-tabs-section-control\"><\/div><\/div><\/button><div class=\"w-tabs-section-content\" id=\"content-1590456783929-dec99fe4-7cfb\" aria-expanded=\"false\"><div class=\"w-tabs-section-content-h i-cf\"><div class=\"wpb_text_column\" ><div class=\"wpb_wrapper\"><p style=\"text-align: justify;\">Glorificar a Dios ratificando la Misi\u00f3n que le dio Dios a su Hijo el Mes\u00edas:<\/p>\n<p style=\"text-align: justify;\">\u201cPorque de tal manera am\u00f3 Dios al mundo, que hasta dio a su Hijo Unig\u00e9nito, para que todo el que crea en \u00c9l no se pierda, sino que tenga vida eterna, porque no envi\u00f3 Dios a su Hijo al mundo para condenar al mundo, sino para que el mundo sea salvo por medio de \u00c9l.\u201d (Juan 3:16-17)<\/p>\n<p style=\"text-align: justify;\">\u201cHabiendo Jes\u00fas hablado estas cosas, alz\u00f3 los ojos al cielo y dijo: Padre m\u00edo, la hora ha llegado. Glorifica a tu Hijo para que tu Hijo te glorifique a ti, as\u00ed como le diste autoridad sobre toda carne, para que d\u00e9 vida eterna a todos los que le has dado. Y \u00e9sta es la vida eterna: que te conozcan a ti, el \u00fanico Dios verdadero, y a Jesucristo, a quien has enviado.\u201d (Juan 17. 1-3)<\/p>\n<p style=\"text-align: justify;\">Es nuestro profundo anhelo que usted crea y propague con nosotros este Evangelio: \u201cEntonces se proclamar\u00e1 este Evangelio del reino a en todo el mundo para testimonio a todas las naciones, y luego vendr\u00e1 el fin.\u201d (Mateo 24:14)<\/p>\n<\/div><\/div><\/div><\/div><\/div><div class=\"w-tabs-section\" id=\"1590456955884-f9c215ca-348a\" style=\"background:rgba(21,123,173,0.25);\"><button class=\"w-tabs-section-header\" aria-controls=\"content-1590456955884-f9c215ca-348a\"><div class=\"w-tabs-section-header-h\"><div class=\"w-tabs-section-title\">Nuestros Usuarios<\/div><div class=\"w-tabs-section-control\"><\/div><\/div><\/button><div class=\"w-tabs-section-content\" id=\"content-1590456955884-f9c215ca-348a\" aria-expanded=\"false\"><div class=\"w-tabs-section-content-h i-cf\"><div class=\"w-text\"><span class=\"w-text-h\"><span class=\"w-text-value\">El Dios \u00fanico y verdadero, nos quiere hombres y mujeres de talento y capacidad intelectual que puedan pesar los argumentos; que caven por la verdad B\u00edblica como el minero por el tesoro escondido; que sean capaces de alcanzar, no solamente las clases comunes sino todas las clases sociales. Tales hombres y mujeres deber\u00e1n estar forjando para si el car\u00e1cter Sagrado del Mes\u00edas, estudiando y meditando todo el tiempo en su Palabra, plenamente compenetrados y comprometidos en la responsabilidad que les cabe, dando as\u00ed prueba cabal de este Ministerio.<\/span><\/span><\/div><\/div><\/div><\/div><\/div><\/div><\/div><\/div><\/div><\/div><\/div><\/div><\/section><section class=\"l-section wpb_row height_medium\"><div class=\"l-section-h i-cf\"><div class=\"g-cols vc_row type_default valign_top\"><div class=\"vc_col-sm-12 wpb_column vc_column_container animate_afc\"><div class=\"vc_column-inner\"><div class=\"wpb_wrapper\"><div class=\"wpb_text_column\" id=\"contacto\"><div class=\"wpb_wrapper\"><h2 style=\"text-align: center;\"><span style=\"color: #ffffff;\"><strong>CONT\u00c1CTENOS<\/strong><\/span><\/h2>\n<\/div><\/div><div class=\"w-form  layout_ver for_cform us_form_1\">\r\n\t<form class=\"w-form-h\" autocomplete=\"off\" action=\"https:\/\/caminodelmesias.com.ar\/index.php\/wp-json\/wp\/v2\/pages\/7\" method=\"post\">\r\n\t\t<div class=\"w-form-row for_text\">\r\n\t\t<div class=\"w-form-row-field\">\r\n\t\t\t\t\t\t<input aria-label=\"Nombre\" type=\"text\" name=\"us_form_1_text_1\" value=\"\" placeholder=\"Nombre\"\/>\r\n\t\t\t<\/div>\r\n\t\t<div class=\"w-form-row-state\">Fill out this field<\/div>\r\n<\/div>\r\n<div class=\"w-form-row for_email\">\r\n\t\t<div class=\"w-form-row-field\">\r\n\t\t\t\t\t\t<input aria-label=\"Correo electr\u00f3nico\" type=\"email\" name=\"us_form_1_email_1\" value=\"\" placeholder=\"Correo electr\u00f3nico\"\/>\r\n\t\t\t<\/div>\r\n\t\t<div class=\"w-form-row-state\">Ingres\u00e1 una direcci\u00f3n de correo v\u00e1lida.<\/div>\r\n<\/div>\r\n<div class=\"w-form-row for_textarea\">\r\n\t\t<div class=\"w-form-row-field\">\r\n\t\t\t\t\t\t<textarea aria-label=\"Texto\" name=\"us_form_1_textarea_1\" placeholder=\"Texto\"><\/textarea>\r\n\t\t\t<\/div>\r\n\t\t<div class=\"w-form-row-state\">Fill out this field<\/div>\r\n<\/div>\r\n<input type=\"hidden\" name=\"action\" value=\"us_ajax_cform\" \/><input type=\"hidden\" name=\"post_id\" value=\"7\" \/><input type=\"hidden\" name=\"form_index\" value=\"1\" \/><div class=\"w-form-row for_submit align_right\">\r\n\t<div class=\"w-form-row-field\">\r\n\t\t\t\t<button class=\"w-btn  us-btn-style_1\" aria-label=\"Enviar\" type=\"submit\">\r\n\t\t\t<span class=\"g-preloader type_1\"><\/span>\r\n\t\t\t\t\t\t<span class=\"w-btn-label\">Enviar<\/span>\r\n\t\t\t\t\t<\/button>\r\n\t<\/div>\r\n<\/div>\t<\/form>\r\n\t<div class=\"w-form-message\"><\/div>\r\n\t<div class=\"w-form-json hidden\" onclick='return {&quot;ajaxurl&quot;:&quot;https:\\\/\\\/caminodelmesias.com.ar\\\/wp-admin\\\/admin-ajax.php&quot;}'><\/div>\r\n<\/div><\/div><\/div><\/div><\/div><\/div><\/section><section class=\"l-section wpb_row height_auto\"><div class=\"l-section-h i-cf\"><div class=\"g-cols vc_row type_default valign_top\"><div class=\"vc_col-sm-12 wpb_column vc_column_container animate_afc\"><div class=\"vc_column-inner\"><div class=\"wpb_wrapper\"><div class=\"w-socials us_custom_6647d269 style_default hover_fade color_brand shape_square\"><div class=\"w-socials-list\"><div class=\"w-socials-item facebook\" style=\"padding:0;\"><a class=\"w-socials-item-link\" rel=\"noopener nofollow\" target=\"_blank\" href=\"https:\/\/www.facebook.com\/Ministerio-Camino-del-Mes%C3%ADas-455813667865035\/\" title=\"Facebook\" aria-label=\"Facebook\"><span class=\"w-socials-item-link-hover\"><\/span><\/a><div class=\"w-socials-item-popup\"><span>Facebook<\/span><\/div><\/div><div class=\"w-socials-item whatsapp\" style=\"padding:0;\"><a class=\"w-socials-item-link\" rel=\"noopener nofollow\" target=\"_blank\" href=\"https:\/\/api.whatsapp.com\/send?phone=5493751679977\" title=\"WhatsApp\" aria-label=\"WhatsApp\"><span class=\"w-socials-item-link-hover\"><\/span><\/a><div class=\"w-socials-item-popup\"><span>WhatsApp<\/span><\/div><\/div><div class=\"w-socials-item email\" style=\"padding:0;\"><a class=\"w-socials-item-link\" rel=\"noopener nofollow\" href=\"mailto:radioprosalud@gmail.com\" title=\"Correo electr\u00f3nico\" aria-label=\"Correo electr\u00f3nico\"><span class=\"w-socials-item-link-hover\"><\/span><\/a><div class=\"w-socials-item-popup\"><span>Correo electr\u00f3nico<\/span><\/div><\/div><\/div><\/div><\/div><\/div><\/div><\/div><\/div><\/section>\n","protected":false},"excerpt":{"rendered":"[rev_slider slidertitle=\"Slider 1\" alias=\"slider-1\"] BIENVENIDO &nbsp; Bendito el Dios y Padre de nuestro Se\u00f1or Jesucristo quien nos concedi\u00f3 el darle la bienvenida a este Ministerio \u201cCamino del Mes\u00edas\u201d, a causa de la verdad que permanece en nosotros y que estar\u00e1 con nosotros por la eternidad. La gracia, misericordia y paz del \u201c\u00fanico Dios Verdadero y...","protected":false},"author":1,"featured_media":0,"parent":0,"menu_order":0,"comment_status":"closed","ping_status":"closed","template":"","meta":{"footnotes":""},"_links":{"self":[{"href":"https:\/\/caminodelmesias.com.ar\/index.php\/wp-json\/wp\/v2\/pages\/7"}],"collection":[{"href":"https:\/\/caminodelmesias.com.ar\/index.php\/wp-json\/wp\/v2\/pages"}],"about":[{"href":"https:\/\/caminodelmesias.com.ar\/index.php\/wp-json\/wp\/v2\/types\/page"}],"author":[{"embeddable":true,"href":"https:\/\/caminodelmesias.com.ar\/index.php\/wp-json\/wp\/v2\/users\/1"}],"replies":[{"embeddable":true,"href":"https:\/\/caminodelmesias.com.ar\/index.php\/wp-json\/wp\/v2\/comments?post=7"}],"version-history":[{"count":57,"href":"https:\/\/caminodelmesias.com.ar\/index.php\/wp-json\/wp\/v2\/pages\/7\/revisions"}],"predecessor-version":[{"id":219,"href":"https:\/\/caminodelmesias.com.ar\/index.php\/wp-json\/wp\/v2\/pages\/7\/revisions\/219"}],"wp:attachment":[{"href":"https:\/\/caminodelmesias.com.ar\/index.php\/wp-json\/wp\/v2\/media?parent=7"}],"curies":[{"name":"wp","href":"https:\/\/api.w.org\/{rel}","templated":true}]}}