{"id":89,"date":"2021-01-09T23:24:19","date_gmt":"2021-01-10T02:24:19","guid":{"rendered":"https:\/\/caminodelmesias.com.ar\/?page_id=89"},"modified":"2021-02-09T21:41:05","modified_gmt":"2021-02-10T00:41:05","slug":"89-2","status":"publish","type":"page","link":"https:\/\/caminodelmesias.com.ar\/index.php\/89-2\/","title":{"rendered":"Salud"},"content":{"rendered":"<section class=\"l-section wpb_row height_medium\"><div class=\"l-section-h i-cf\"><div class=\"g-cols vc_row type_default valign_top\"><div class=\"vc_col-sm-12 wpb_column vc_column_container\"><div class=\"vc_column-inner\"><div class=\"wpb_wrapper\"><div class=\"w-grid type_masonry layout_96 cols_2 with_isotope ratio_4x3\" id=\"us_grid_1\"><style id=\"us_grid_1_css\">#us_grid_1 .w-grid-item{padding:1.5rem}#us_grid_1 .w-grid-list{margin:-1.5rem -1.5rem 1.5rem}.w-grid + #us_grid_1 .w-grid-list{margin-top:1.5rem}@media (max-width:599px){#us_grid_1 .w-grid-list{margin:0}#us_grid_1 .w-grid-item{width:100%;padding:0;margin-bottom:1.5rem}}<\/style><style>.layout_96 .w-grid-item-h:before{padding-bottom:75.0000%}@media (min-width:600px){.layout_96 .w-grid-item.size_1x2 .w-grid-item-h:before{padding-bottom:calc(150% + 1.5rem + 1.5rem)}.layout_96 .w-grid-item.size_2x1 .w-grid-item-h:before{padding-bottom:calc(37.5% - 1.5rem * 0.75)}.layout_96 .w-grid-item.size_2x2 .w-grid-item-h:before{padding-bottom:calc(75% - 1.5rem * -0.5)}}.layout_96 .w-grid-item-h{}.layout_96 .usg_post_image_1{transition-duration:0.3s;transform-origin:50% 50%;transform:scale(1) translate(0,0)}.layout_96 .w-grid-item-h:hover .usg_post_image_1{transform:scale(1.1) translate(0,0);opacity:1}.layout_96 .usg_post_image_1{position:absolute!important;top:0!important;right:0!important;bottom:0!important;left:0!important}.layout_96 .usg_post_title_1{font-size:1.4rem!important;color:inherit!important}.layout_96 .usg_post_taxonomy_1{font-size:14px!important;font-weight:700!important;text-transform:uppercase!important;margin-right:0.6rem!important}.layout_96 .usg_post_date_1{font-size:14px!important;color:#999999!important}.layout_96 .usg_vwrapper_1{color:#1a1a1a!important;position:absolute!important;left:0!important;right:2rem!important;bottom:0!important;padding-top:0.5rem!important;padding-right:2rem!important;background:#e1ebf5!important}.layout_96 .usg_hwrapper_1{margin-bottom:0!important}@media (max-width:599px){.layout_96 .usg_post_title_1{font-size:1.2rem!important}}<\/style><div class=\"w-grid-list\"><article class=\"w-grid-item size_1x1 post-150 post type-post status-publish format-standard has-post-thumbnail hentry category-salud tag-comer-sano tag-nutricion tag-salud\" data-id=\"150\">\r\n\t<div class=\"w-grid-item-h\">\r\n\t\t\t\t<div class=\"w-post-elm post_image usg_post_image_1 stretched\"><a href=\"https:\/\/caminodelmesias.com.ar\/index.php\/2021\/02\/09\/nutricion\/\" aria-label=\"Nutrici\u00f3n\"><img loading=\"lazy\" decoding=\"async\" width=\"1024\" height=\"768\" src=\"https:\/\/caminodelmesias.com.ar\/wp-content\/uploads\/2021\/02\/3-1-1024x768.jpg\" class=\"attachment-large size-large wp-post-image\" alt=\"\" srcset=\"https:\/\/caminodelmesias.com.ar\/wp-content\/uploads\/2021\/02\/3-1-1024x768.jpg 1024w, https:\/\/caminodelmesias.com.ar\/wp-content\/uploads\/2021\/02\/3-1-300x225.jpg 300w, https:\/\/caminodelmesias.com.ar\/wp-content\/uploads\/2021\/02\/3-1.jpg 1440w\" sizes=\"(max-width: 1024px) 100vw, 1024px\" \/><\/a><\/div><div class=\"w-vwrapper usg_vwrapper_1 align_left valign_top \"><div class=\"w-hwrapper usg_hwrapper_1 align_left valign_top \"><div class=\"w-post-elm post_taxonomy usg_post_taxonomy_1 style_simple\"><a href=\"https:\/\/caminodelmesias.com.ar\/index.php\/category\/salud\/\">Salud<\/a><\/div><time class=\"w-post-elm post_date usg_post_date_1 entry-date published\" datetime=\"2021-02-09T01:43:46-03:00\" title=\"9 febrero 2021 a las 01:43:46 -03:00\">9 Feb 2021<\/time><\/div><h2 class=\"w-post-elm post_title usg_post_title_1 entry-title color_link_inherit has_text_color\"><a href=\"https:\/\/caminodelmesias.com.ar\/index.php\/2021\/02\/09\/nutricion\/\">Nutrici\u00f3n<\/a><\/h2><\/div>\t<\/div>\r\n<\/article>\r\n<\/div>\t<div class=\"w-grid-json hidden\" onclick='return {&quot;ajax_url&quot;:&quot;https:\\\/\\\/caminodelmesias.com.ar\\\/wp-admin\\\/admin-ajax.php&quot;,&quot;permalink_url&quot;:&quot;https:\\\/\\\/caminodelmesias.com.ar\\\/index.php\\\/2021\\\/02\\\/09\\\/nutricion\\\/&quot;,&quot;action&quot;:&quot;us_ajax_grid&quot;,&quot;max_num_pages&quot;:1,&quot;infinite_scroll&quot;:0,&quot;template_vars&quot;:{&quot;query_args&quot;:{&quot;post_type&quot;:[&quot;post&quot;],&quot;tax_query&quot;:[{&quot;taxonomy&quot;:&quot;category&quot;,&quot;field&quot;:&quot;slug&quot;,&quot;terms&quot;:[&quot;salud&quot;]}],&quot;post_status&quot;:[&quot;publish&quot;],&quot;orderby&quot;:{&quot;date&quot;:&quot;DESC&quot;},&quot;posts_per_page&quot;:&quot;10&quot;},&quot;post_id&quot;:89,&quot;us_grid_index&quot;:1,&quot;us_grid_ajax_index&quot;:1,&quot;exclude_items&quot;:&quot;none&quot;,&quot;items_offset&quot;:&quot;1&quot;,&quot;items_layout&quot;:&quot;96&quot;,&quot;type&quot;:&quot;masonry&quot;,&quot;columns&quot;:&quot;2&quot;,&quot;img_size&quot;:&quot;default&quot;,&quot;overriding_link&quot;:&quot;none&quot;}}'><\/div>\r\n<\/div><\/div><\/div><\/div><\/div><\/div><\/section>\n","protected":false},"excerpt":{"rendered":"Juliana Delfina Z\u00e1rate Natur\u00f3pata, enfermera de neonatolog\u00eda y masoterapeuta con conocimiento en herbolaria. Ha participado en varios talleres y disertaciones sobre Salud integral, los ocho remedios naturales, la dieta del Ed\u00e9n, etc. 1. La Quinua La quinua, \u200b qu\u00ednoa\u200b o quinoa\u200b, Chenopodium quinoa, es una hierba perteneciente a la subfamilia Chenopodioideae de las amarant\u00e1ceas. T\u00e9cnicamente...","protected":false},"author":1,"featured_media":0,"parent":0,"menu_order":0,"comment_status":"closed","ping_status":"closed","template":"","meta":{"footnotes":""},"_links":{"self":[{"href":"https:\/\/caminodelmesias.com.ar\/index.php\/wp-json\/wp\/v2\/pages\/89"}],"collection":[{"href":"https:\/\/caminodelmesias.com.ar\/index.php\/wp-json\/wp\/v2\/pages"}],"about":[{"href":"https:\/\/caminodelmesias.com.ar\/index.php\/wp-json\/wp\/v2\/types\/page"}],"author":[{"embeddable":true,"href":"https:\/\/caminodelmesias.com.ar\/index.php\/wp-json\/wp\/v2\/users\/1"}],"replies":[{"embeddable":true,"href":"https:\/\/caminodelmesias.com.ar\/index.php\/wp-json\/wp\/v2\/comments?post=89"}],"version-history":[{"count":7,"href":"https:\/\/caminodelmesias.com.ar\/index.php\/wp-json\/wp\/v2\/pages\/89\/revisions"}],"predecessor-version":[{"id":165,"href":"https:\/\/caminodelmesias.com.ar\/index.php\/wp-json\/wp\/v2\/pages\/89\/revisions\/165"}],"wp:attachment":[{"href":"https:\/\/caminodelmesias.com.ar\/index.php\/wp-json\/wp\/v2\/media?parent=89"}],"curies":[{"name":"wp","href":"https:\/\/api.w.org\/{rel}","templated":true}]}}